{"id":7,"date":"2015-01-26T10:12:12","date_gmt":"2015-01-26T10:12:12","guid":{"rendered":"http:\/\/www.lottiwalti.ch\/?page_id=7"},"modified":"2015-02-10T10:25:35","modified_gmt":"2015-02-10T10:25:35","slug":"ueber-mich","status":"publish","type":"page","link":"https:\/\/www.lottiwalti.ch\/?page_id=7","title":{"rendered":"\u00dcber mich"},"content":{"rendered":"<p>Schon als Kind fiel Lotti Walti durch ihre nicht versiegbare Fantasie und einen \u00fcberstarken Gestaltungswillen auf. Auf den sonnt\u00e4glichen Spazierg\u00e4ngen sammelte sie alles: am Wegrand liegende Schneckenh\u00e4user, bunte Steine, skurrile Wurzelteile, Rinden mit spannenden Oberfl\u00e4chen. Was Hosens\u00e4cke und H\u00e4nde zu tragen vermochten, wurde nach Hause geschleppt. Das Naturmaterial verbarg unz\u00e4hlige Impulse f\u00fcr neue Projekte.<br \/>\nZum Geburtstag und auf Weihnachten w\u00fcnschte sich Lotti Scheren, Karton, Papier, Farben und \u2013 eine Taschenlampe mit Zusatzbatterien. Die Ideen wollten verwirklicht werden und weil der Tag stets zu wenige Stunden hatte, schaffte das Kind in der Nacht wahre Kunstwerke unter der Bettdecke im flackernden Licht der Taschenlampe. Die n\u00e4chtlichen Unternehmungen blieben jedoch meist nicht unentdeckt und die geplagten Eltern sorgten sich um die Gesundheit ihrer Tochter. Zu wenig Schlaf war schlecht f\u00fcr die gesunde Entwicklung. Doch gegen so viel \u00fcberschw\u00e4ngliche Fantasie war schliesslich kein Kraut gewachsen. Immer wieder fand Lotti Walti M\u00f6glichkeiten, ihre Passion zu leben.<br \/>\nWen erstaunt es daher, dass Lotti Walti sich schon fr\u00fch entschied, MIT, VON und F\u00dcR die Kunst zu leben, und die folgenden Ausbildungen absolvierte: Kinderg\u00e4rtnerinnendiplom, Werkseminar der Kunstgewerbeschule Z\u00fcrich, vierj\u00e4hriges Vollstudium f\u00fcr Malerei, Nachdiplomstudium FH Theaterp\u00e4dagogik.\u2028Sowohl die bildende als auch die darstellende Kunst \u00fcben auf Lotti Walti eine grosse Faszination aus. Am liebsten realisiert sie Projekte, die verschiedene Kunstarten miteinander verkn\u00fcpfen.<br \/>\nMit der Er\u00f6ffnung des Rothrister Ateliers \u00abterra et ignis\u00bb ging f\u00fcr die K\u00fcnstlerin ein grosser Traum in Erf\u00fcllung. Selbst in den Wintermonaten geniesst sie das Arbeiten im ungeheizten Atelier, schl\u00fcpft in Daunenmantel und Lammfellstiefel, bemalt bei lauter Musik singend und tanzend grossformatige Leinw\u00e4nde. Wenn aber die Temperaturen allzu stark sinken, werden in den beiden Brenn\u00f6fen Keramik-Skulpturen und Kunsthandwerke gebrannt und dann wird es f\u00fcr zwei Tage ganz kuschelig warm im Atelier.<br \/>\nLotti Walti blickt zur\u00fcck auf eine mehrj\u00e4hrige Zusammenarbeit mit Hanna Barbara (Tanzschaffende) f\u00fcr den Zyklus AKT IVE EVA. Dank dieser intensiven Auseinandersetzung mit schnellen Bewegungsskizzen sch\u00f6pft die K\u00fcnstlerin aus einem reichen Fundus von Formen und Linien f\u00fcr ihre grossformatige Malerei in Acryl-Mischtechnik.<br \/>\nAuf der Leinwand bringt die K\u00fcnstlerin Lebensprozesse in eine abstrakte klare Reduktion. Der Linie schenkt sie besonders grosse Beachtung: \u00abSchwung bedeutet Leben! Die Linie darf nicht sterben, nicht \u00e4ngstlich ins Stocken geraten, sie muss mutig gesetzt werden, damit sie lebendig bleibt.\u00bb<br \/>\nDie Titel der Werke verraten Freude an der Sprache und Wortspielen, und den Schalk der K\u00fcnstlerin.\u2028LUFT\u00a0 SCHIFF\u00a0 FISCH \u00a0\u00a0\/\u00a0\u00a0 FISCH\u00a0 FRISCH\u00a0 FRUCHT.<br \/>\nNebst der freischaffenden T\u00e4tigkeit als K\u00fcnstlerin arbeitet Lotti Walti als Kunst- und Theaterp\u00e4dagogin im Freizeitzentrum Obristhof Oftringen und leitet dort auch den T\u00f6pferkeller. Daneben schreibt und inszeniert sie Theaterst\u00fccke f\u00fcr Kinder und Erwachsene. Oft ist sie aber auch mit der Theatergruppe \u00abGassenhauer Zofingen\u00bb an unkonventionellen Auftritten in den Gassen beteiligt.<br \/>\nTrotz einer reich gef\u00fcllten Agenda muss Platz bleiben f\u00fcr die kostbarsten Momente im Leben: Spielen und Werken mit den Enkelkindern. Sie sind die gr\u00f6sste Inspirationsquelle!<\/p>\n","protected":false},"excerpt":{"rendered":"<p>Schon als Kind fiel Lotti Walti durch ihre nicht versiegbare Fantasie und einen \u00fcberstarken Gestaltungswillen auf. Auf den sonnt\u00e4glichen Spazierg\u00e4ngen sammelte sie alles: am Wegrand liegende Schneckenh\u00e4user, bunte Steine, skurrile Wurzelteile, Rinden mit spannenden Oberfl\u00e4chen. Was Hosens\u00e4cke und H\u00e4nde zu tragen vermochten, wurde nach Hause geschleppt. Das Naturmaterial verbarg unz\u00e4hlige Impulse f\u00fcr neue Projekte. Zum [&hellip;]<\/p>\n<a href=\"https:\/\/www.lottiwalti.ch\/?page_id=7\"> Read More...<\/a>","protected":false},"author":1,"featured_media":0,"parent":0,"menu_order":0,"comment_status":"open","ping_status":"open","template":"","meta":[],"_links":{"self":[{"href":"https:\/\/www.lottiwalti.ch\/index.php?rest_route=\/wp\/v2\/pages\/7"}],"collection":[{"href":"https:\/\/www.lottiwalti.ch\/index.php?rest_route=\/wp\/v2\/pages"}],"about":[{"href":"https:\/\/www.lottiwalti.ch\/index.php?rest_route=\/wp\/v2\/types\/page"}],"author":[{"embeddable":true,"href":"https:\/\/www.lottiwalti.ch\/index.php?rest_route=\/wp\/v2\/users\/1"}],"replies":[{"embeddable":true,"href":"https:\/\/www.lottiwalti.ch\/index.php?rest_route=%2Fwp%2Fv2%2Fcomments&post=7"}],"version-history":[{"count":6,"href":"https:\/\/www.lottiwalti.ch\/index.php?rest_route=\/wp\/v2\/pages\/7\/revisions"}],"predecessor-version":[{"id":429,"href":"https:\/\/www.lottiwalti.ch\/index.php?rest_route=\/wp\/v2\/pages\/7\/revisions\/429"}],"wp:attachment":[{"href":"https:\/\/www.lottiwalti.ch\/index.php?rest_route=%2Fwp%2Fv2%2Fmedia&parent=7"}],"curies":[{"name":"wp","href":"https:\/\/api.w.org\/{rel}","templated":true}]}}